{"id":431,"date":"2020-08-12T10:52:23","date_gmt":"2020-08-12T10:52:23","guid":{"rendered":"http:\/\/inj.inage.gov.mz\/?page_id=431"},"modified":"2021-09-09T10:57:20","modified_gmt":"2021-09-09T08:57:20","slug":"missao-visao-e-atribuicoes","status":"publish","type":"page","link":"https:\/\/www.gabinfo.gov.mz\/?page_id=431","title":{"rendered":"Quem somos, Miss\u00e3o e Objectivos"},"content":{"rendered":"\n<p><strong>Quem somos?<\/strong><\/p>\n\n\n\n<p>O Gabinete de Informa\u00e7\u00e3o, abreviadamente designado GABINFO, \u00e9 um organismo central do Estado subordinado ao Primeiro-Ministro, goza de personalidade jur\u00eddica e \u00e9 dotado de autonomia administrativa.<\/p>\n\n\n\n<p><strong>Nossa miss\u00e3o<\/strong><\/p>\n\n\n\n<p>Coordenar e garantir o apoio ao desenvolvimento do sector da comunica\u00e7\u00e3o social em Mo\u00e7ambique<\/p>\n\n\n\n<p><strong>Objectivos<\/strong><\/p>\n\n\n\n<p><strong>De entre os nossos objectivos, destacam-se os seguintes:<\/strong><\/p>\n\n\n\n<ul class=\"wp-block-list\"><li>Assessorar o governo em quest\u00f5es espec\u00edficas da \u00e1rea da Informa\u00e7\u00e3o;<\/li><li>Assessorar o Primeiro-ministro em mat\u00e9ria de comunica\u00e7\u00e3o social;<\/li><li>Facilitar a articula\u00e7\u00e3o entre o Governo e os meios de comunica\u00e7\u00e3o social;<\/li><li>Promover, em articula\u00e7\u00e3o com os porta-vozes dos minist\u00e9rios, a divulga\u00e7\u00e3o p\u00fablica das actividades oficiais;<\/li><li>Promover a divulga\u00e7\u00e3o, a n\u00edvel nacional e internacional, de informa\u00e7\u00e3o sobre o pais e as actividades do governo<\/li><\/ul>\n\n\n\n<p><\/p>\n","protected":false},"excerpt":{"rendered":"<p>Quem somos? O Gabinete de Informa\u00e7\u00e3o, abreviadamente designado GABINFO, \u00e9 um organismo central do Estado subordinado ao Primeiro-Ministro, goza de personalidade jur\u00eddica e \u00e9 dotado de autonomia administrativa. Nossa miss\u00e3o Coordenar e garantir o apoio ao desenvolvimento do sector da comunica\u00e7\u00e3o social em Mo\u00e7ambique Objectivos De entre os nossos objectivos, destacam-se os seguintes: Assessorar o [&hellip;]<\/p>\n","protected":false},"author":2,"featured_media":0,"parent":0,"menu_order":0,"comment_status":"closed","ping_status":"closed","template":"","meta":{"content-type":"","_monsterinsights_skip_tracking":false,"_monsterinsights_sitenote_active":false,"_monsterinsights_sitenote_note":"","_monsterinsights_sitenote_category":0,"footnotes":""},"class_list":["post-431","page","type-page","status-publish","hentry"],"_links":{"self":[{"href":"https:\/\/www.gabinfo.gov.mz\/index.php?rest_route=\/wp\/v2\/pages\/431","targetHints":{"allow":["GET"]}}],"collection":[{"href":"https:\/\/www.gabinfo.gov.mz\/index.php?rest_route=\/wp\/v2\/pages"}],"about":[{"href":"https:\/\/www.gabinfo.gov.mz\/index.php?rest_route=\/wp\/v2\/types\/page"}],"author":[{"embeddable":true,"href":"https:\/\/www.gabinfo.gov.mz\/index.php?rest_route=\/wp\/v2\/users\/2"}],"replies":[{"embeddable":true,"href":"https:\/\/www.gabinfo.gov.mz\/index.php?rest_route=%2Fwp%2Fv2%2Fcomments&post=431"}],"version-history":[{"count":4,"href":"https:\/\/www.gabinfo.gov.mz\/index.php?rest_route=\/wp\/v2\/pages\/431\/revisions"}],"predecessor-version":[{"id":685,"href":"https:\/\/www.gabinfo.gov.mz\/index.php?rest_route=\/wp\/v2\/pages\/431\/revisions\/685"}],"wp:attachment":[{"href":"https:\/\/www.gabinfo.gov.mz\/index.php?rest_route=%2Fwp%2Fv2%2Fmedia&parent=431"}],"curies":[{"name":"wp","href":"https:\/\/api.w.org\/{rel}","templated":true}]}}