{"id":451,"date":"2020-08-12T11:11:47","date_gmt":"2020-08-12T09:11:47","guid":{"rendered":"http:\/\/inj.inage.gov.mz\/?page_id=451"},"modified":"2021-09-09T11:36:23","modified_gmt":"2021-09-09T09:36:23","slug":"enderecos","status":"publish","type":"page","link":"https:\/\/www.gabinfo.gov.mz\/?page_id=451","title":{"rendered":"Contacto"},"content":{"rendered":"\n<p class=\"has-text-align-left\">Para mais informa\u00e7\u00f5es o nosso email <a rel=\"noreferrer noopener\" href=\"mailto:info@gabinfo.gov.mz\" target=\"_blank\">info@gabinfo.gov.mz<\/a> ou liga-nos pelos seguintes n\u00fameros:<\/p>\n\n\n\n<p class=\"has-text-align-left\">+258 874646987<\/p>\n\n\n\n<p class=\"has-text-align-left\">+258 875566467<\/p>\n\n\n\n<p class=\"has-text-align-left\">+258 875298232<\/p>\n\n\n\n<p><\/p>\n\n\n\n<p class=\"has-text-align-center\"><strong>Sugest\u00f5es e Reclama\u00e7\u00f5es<\/strong> <\/p>\n\n\n\n\n<div class=\"wpcf7 no-js\" id=\"wpcf7-f119-o1\" lang=\"en-US\" dir=\"ltr\" data-wpcf7-id=\"119\">\n<div class=\"screen-reader-response\"><p role=\"status\" aria-live=\"polite\" aria-atomic=\"true\"><\/p> <ul><\/ul><\/div>\n<form action=\"\/index.php?rest_route=%2Fwp%2Fv2%2Fpages%2F451#wpcf7-f119-o1\" method=\"post\" class=\"wpcf7-form init\" aria-label=\"Contact form\" novalidate=\"novalidate\" data-status=\"init\">\n<fieldset class=\"hidden-fields-container\"><input type=\"hidden\" name=\"_wpcf7\" value=\"119\" \/><input type=\"hidden\" name=\"_wpcf7_version\" value=\"6.1.3\" \/><input type=\"hidden\" name=\"_wpcf7_locale\" value=\"en_US\" \/><input type=\"hidden\" name=\"_wpcf7_unit_tag\" value=\"wpcf7-f119-o1\" \/><input type=\"hidden\" name=\"_wpcf7_container_post\" value=\"0\" \/><input type=\"hidden\" name=\"_wpcf7_posted_data_hash\" value=\"\" \/>\n<\/fieldset>\n<p><label> Nome:<br \/>\n<span class=\"wpcf7-form-control-wrap\" data-name=\"sender-name\"><input size=\"40\" maxlength=\"400\" class=\"wpcf7-form-control wpcf7-text\" aria-invalid=\"false\" value=\"\" type=\"text\" name=\"sender-name\" \/><\/span> <\/label>\n<\/p>\n<p><label> Email:<br \/>\n<span class=\"wpcf7-form-control-wrap\" data-name=\"email\"><input size=\"40\" maxlength=\"400\" class=\"wpcf7-form-control wpcf7-email wpcf7-validates-as-required wpcf7-text wpcf7-validates-as-email\" aria-required=\"true\" aria-invalid=\"false\" value=\"\" type=\"email\" name=\"email\" \/><\/span> <\/label>\n<\/p>\n<p><label> Assunto<br \/>\n<span class=\"wpcf7-form-control-wrap\" data-name=\"subject\"><input size=\"40\" maxlength=\"400\" class=\"wpcf7-form-control wpcf7-text\" aria-invalid=\"false\" value=\"\" type=\"text\" name=\"subject\" \/><\/span> <\/label>\n<\/p>\n<p><label> Mensagem<br \/>\n<span class=\"wpcf7-form-control-wrap\" data-name=\"message\"><textarea cols=\"40\" rows=\"10\" maxlength=\"2000\" class=\"wpcf7-form-control wpcf7-textarea\" aria-invalid=\"false\" name=\"message\"><\/textarea><\/span> <\/label>\n<\/p>\n<p><input class=\"wpcf7-form-control wpcf7-submit has-spinner\" type=\"submit\" value=\"Enviar\" \/>\n<\/p><div class=\"wpcf7-response-output\" aria-hidden=\"true\"><\/div>\n<\/form>\n<\/div>\n\n\n\n\n<p><\/p>\n","protected":false},"excerpt":{"rendered":"<p>Para mais informa\u00e7\u00f5es o nosso email info@gabinfo.gov.mz ou liga-nos pelos seguintes n\u00fameros: +258 874646987 +258 875566467 +258 875298232 Sugest\u00f5es e Reclama\u00e7\u00f5es<\/p>\n","protected":false},"author":2,"featured_media":0,"parent":0,"menu_order":0,"comment_status":"closed","ping_status":"closed","template":"","meta":{"content-type":"","_monsterinsights_skip_tracking":false,"_monsterinsights_sitenote_active":false,"_monsterinsights_sitenote_note":"","_monsterinsights_sitenote_category":0,"footnotes":""},"class_list":["post-451","page","type-page","status-publish","hentry"],"_links":{"self":[{"href":"https:\/\/www.gabinfo.gov.mz\/index.php?rest_route=\/wp\/v2\/pages\/451","targetHints":{"allow":["GET"]}}],"collection":[{"href":"https:\/\/www.gabinfo.gov.mz\/index.php?rest_route=\/wp\/v2\/pages"}],"about":[{"href":"https:\/\/www.gabinfo.gov.mz\/index.php?rest_route=\/wp\/v2\/types\/page"}],"author":[{"embeddable":true,"href":"https:\/\/www.gabinfo.gov.mz\/index.php?rest_route=\/wp\/v2\/users\/2"}],"replies":[{"embeddable":true,"href":"https:\/\/www.gabinfo.gov.mz\/index.php?rest_route=%2Fwp%2Fv2%2Fcomments&post=451"}],"version-history":[{"count":12,"href":"https:\/\/www.gabinfo.gov.mz\/index.php?rest_route=\/wp\/v2\/pages\/451\/revisions"}],"predecessor-version":[{"id":686,"href":"https:\/\/www.gabinfo.gov.mz\/index.php?rest_route=\/wp\/v2\/pages\/451\/revisions\/686"}],"wp:attachment":[{"href":"https:\/\/www.gabinfo.gov.mz\/index.php?rest_route=%2Fwp%2Fv2%2Fmedia&parent=451"}],"curies":[{"name":"wp","href":"https:\/\/api.w.org\/{rel}","templated":true}]}}