{"id":501,"date":"2020-08-17T11:52:35","date_gmt":"2020-08-17T11:52:35","guid":{"rendered":"http:\/\/inj.inage.gov.mz\/?page_id=501"},"modified":"2021-09-09T11:55:53","modified_gmt":"2021-09-09T09:55:53","slug":"competencias-do-gabinfo","status":"publish","type":"page","link":"https:\/\/www.gabinfo.gov.mz\/?page_id=501","title":{"rendered":"COMPET\u00caNCIAS DO GABINFO"},"content":{"rendered":"\n<p>S\u00e3o compet\u00eancias do GABINFO:<\/p>\n\n\n\n<p><strong>No dom\u00ednio da informa\u00e7\u00e3o<\/strong><\/p>\n\n\n\n<ol class=\"wp-block-list\" type=\"i\"><li>Assegurar a divulga\u00e7\u00e3o da informa\u00e7\u00e3o sobre as actividades do Governo;<\/li><li>Difundir a informa\u00e7\u00e3o que promova o desenvolvimento;<\/li><li>Proceder ao registo e \u00e0 acredita\u00e7\u00e3o dos correspondentes dos \u00f3rg\u00e3os de informa\u00e7\u00e3o estrangeiros e apoiar as suas actividades;<\/li><li>Garantir o registo e o licenciamento dos meios de comunica\u00e7\u00e3o social;<\/li><li>Aplicar multa pela viola\u00e7\u00e3o das regras de registo, licenciamento dos meios de comunica\u00e7\u00e3o social, acredita\u00e7\u00e3o dos correspondentes dos \u00f3rg\u00e3os de informa\u00e7\u00e3o estrangeiros.<\/li><\/ol>\n\n\n\n<p><strong>No dom\u00ednio do desenvolvimento da comunica\u00e7\u00e3o social<\/strong><\/p>\n\n\n\n<ol class=\"wp-block-list\" type=\"i\"><li>Estudar e propor normas e ac\u00e7\u00f5es de apoio aos meios de comunica\u00e7\u00e3o social;<\/li><li>Desenvolver ac\u00e7\u00f5es de coopera\u00e7\u00e3o visando \u00e0 materializa\u00e7\u00e3o dos objectivos definidos para o sector;<\/li><\/ol>\n\n\n\n<p><strong>No dom\u00ednio do sector de imprensa<\/strong><\/p>\n\n\n\n<p>Exercer a tutela sobre organismos Estatais e \u00f3rg\u00e3os da comunica\u00e7\u00e3o social do sector p\u00fablico de imprensa.<\/p>\n","protected":false},"excerpt":{"rendered":"<p>S\u00e3o compet\u00eancias do GABINFO: No dom\u00ednio da informa\u00e7\u00e3o Assegurar a divulga\u00e7\u00e3o da informa\u00e7\u00e3o sobre as actividades do Governo; Difundir a informa\u00e7\u00e3o que promova o desenvolvimento; Proceder ao registo e \u00e0 acredita\u00e7\u00e3o dos correspondentes dos \u00f3rg\u00e3os de informa\u00e7\u00e3o estrangeiros e apoiar as suas actividades; Garantir o registo e o licenciamento dos meios de comunica\u00e7\u00e3o social; Aplicar [&hellip;]<\/p>\n","protected":false},"author":2,"featured_media":0,"parent":0,"menu_order":0,"comment_status":"closed","ping_status":"closed","template":"","meta":{"content-type":"","_monsterinsights_skip_tracking":false,"_monsterinsights_sitenote_active":false,"_monsterinsights_sitenote_note":"","_monsterinsights_sitenote_category":0,"footnotes":""},"class_list":["post-501","page","type-page","status-publish","hentry"],"_links":{"self":[{"href":"https:\/\/www.gabinfo.gov.mz\/index.php?rest_route=\/wp\/v2\/pages\/501","targetHints":{"allow":["GET"]}}],"collection":[{"href":"https:\/\/www.gabinfo.gov.mz\/index.php?rest_route=\/wp\/v2\/pages"}],"about":[{"href":"https:\/\/www.gabinfo.gov.mz\/index.php?rest_route=\/wp\/v2\/types\/page"}],"author":[{"embeddable":true,"href":"https:\/\/www.gabinfo.gov.mz\/index.php?rest_route=\/wp\/v2\/users\/2"}],"replies":[{"embeddable":true,"href":"https:\/\/www.gabinfo.gov.mz\/index.php?rest_route=%2Fwp%2Fv2%2Fcomments&post=501"}],"version-history":[{"count":5,"href":"https:\/\/www.gabinfo.gov.mz\/index.php?rest_route=\/wp\/v2\/pages\/501\/revisions"}],"predecessor-version":[{"id":695,"href":"https:\/\/www.gabinfo.gov.mz\/index.php?rest_route=\/wp\/v2\/pages\/501\/revisions\/695"}],"wp:attachment":[{"href":"https:\/\/www.gabinfo.gov.mz\/index.php?rest_route=%2Fwp%2Fv2%2Fmedia&parent=501"}],"curies":[{"name":"wp","href":"https:\/\/api.w.org\/{rel}","templated":true}]}}